{"id":33,"date":"2015-12-25T22:15:51","date_gmt":"2015-12-25T20:15:51","guid":{"rendered":"http:\/\/wwwifaturkeyorgtr.c.sadecehosting.com\/?page_id=33"},"modified":"2024-02-19T12:45:28","modified_gmt":"2024-02-19T09:45:28","slug":"contact","status":"publish","type":"page","link":"http:\/\/www.ifaturkey.org.tr\/en\/contact\/","title":{"rendered":"Contact"},"content":{"rendered":"<div  class='av-hotspot-image-container av-lozfa7hp-8da09bcb383965ef8da7d654db2d97a8  avia-builder-el-0  el_before_av_codeblock  avia-builder-el-first  av-hotspot-blank av-mobile-fallback-active  av-non-fullwidth-hotspot-image'  itemprop=\"image\" itemscope=\"itemscope\" itemtype=\"https:\/\/schema.org\/ImageObject\" ><div class='av-hotspot-container'><div class='av-hotspot-container-inner-cell'><div class='av-hotspot-container-inner-wrap'><img decoding=\"async\" class='wp-image-71935 avia-img-lazy-loading-not-71935 avia_image' src=\"http:\/\/www.ifaturkey.org.tr\/en\/wp-content\/uploads\/2023\/11\/iletisim2-1.jpg\" alt='' title='iletisim2'  height=\"500\" width=\"2000\"  itemprop=\"thumbnailUrl\" srcset=\"http:\/\/www.ifaturkey.org.tr\/en\/wp-content\/uploads\/2023\/11\/iletisim2-1.jpg 2000w, http:\/\/www.ifaturkey.org.tr\/en\/wp-content\/uploads\/2023\/11\/iletisim2-1-300x75.jpg 300w, http:\/\/www.ifaturkey.org.tr\/en\/wp-content\/uploads\/2023\/11\/iletisim2-1-1030x258.jpg 1030w, http:\/\/www.ifaturkey.org.tr\/en\/wp-content\/uploads\/2023\/11\/iletisim2-1-768x192.jpg 768w, http:\/\/www.ifaturkey.org.tr\/en\/wp-content\/uploads\/2023\/11\/iletisim2-1-1536x384.jpg 1536w, http:\/\/www.ifaturkey.org.tr\/en\/wp-content\/uploads\/2023\/11\/iletisim2-1-1500x375.jpg 1500w, http:\/\/www.ifaturkey.org.tr\/en\/wp-content\/uploads\/2023\/11\/iletisim2-1-705x176.jpg 705w\" sizes=\"(max-width: 2000px) 100vw, 2000px\" \/><\/div><\/div><\/div><\/div>\n\n<div  class='av-hotspot-image-container av-1e91x-710de158c136500b8343582ad666a2ad  avia-builder-el-2  el_after_av_codeblock  el_before_av_textblock  cizgi av-hotspot-blank av-mobile-fallback-active  av-non-fullwidth-hotspot-image'  itemprop=\"image\" itemscope=\"itemscope\" itemtype=\"https:\/\/schema.org\/ImageObject\" ><div class='av-hotspot-container'><div class='av-hotspot-container-inner-cell'><div class='av-hotspot-container-inner-wrap'><img decoding=\"async\" class='wp-image-71913 avia-img-lazy-loading-not-71913 avia_image' src=\"http:\/\/www.ifaturkey.org.tr\/en\/wp-content\/uploads\/2023\/11\/line-3.png\" alt='' title='line'  height=\"1\" width=\"2188\"  itemprop=\"thumbnailUrl\" srcset=\"http:\/\/www.ifaturkey.org.tr\/en\/wp-content\/uploads\/2023\/11\/line-3.png 2188w, http:\/\/www.ifaturkey.org.tr\/en\/wp-content\/uploads\/2023\/11\/line-3-300x1.png 300w, http:\/\/www.ifaturkey.org.tr\/en\/wp-content\/uploads\/2023\/11\/line-3-1030x1.png 1030w, http:\/\/www.ifaturkey.org.tr\/en\/wp-content\/uploads\/2023\/11\/line-3-80x1.png 80w, http:\/\/www.ifaturkey.org.tr\/en\/wp-content\/uploads\/2023\/11\/line-3-768x1.png 768w, http:\/\/www.ifaturkey.org.tr\/en\/wp-content\/uploads\/2023\/11\/line-3-1536x1.png 1536w, http:\/\/www.ifaturkey.org.tr\/en\/wp-content\/uploads\/2023\/11\/line-3-2048x1.png 2048w, http:\/\/www.ifaturkey.org.tr\/en\/wp-content\/uploads\/2023\/11\/line-3-36x1.png 36w, http:\/\/www.ifaturkey.org.tr\/en\/wp-content\/uploads\/2023\/11\/line-3-180x1.png 180w, http:\/\/www.ifaturkey.org.tr\/en\/wp-content\/uploads\/2023\/11\/line-3-1500x1.png 1500w, http:\/\/www.ifaturkey.org.tr\/en\/wp-content\/uploads\/2023\/11\/line-3-495x1.png 495w, http:\/\/www.ifaturkey.org.tr\/en\/wp-content\/uploads\/2023\/11\/line-3-260x1.png 260w, http:\/\/www.ifaturkey.org.tr\/en\/wp-content\/uploads\/2023\/11\/line-3-845x1.png 845w, http:\/\/www.ifaturkey.org.tr\/en\/wp-content\/uploads\/2023\/11\/line-3-710x1.png 710w, http:\/\/www.ifaturkey.org.tr\/en\/wp-content\/uploads\/2023\/11\/line-3-705x1.png 705w, http:\/\/www.ifaturkey.org.tr\/en\/wp-content\/uploads\/2023\/11\/line-3-1210x1.png 1210w\" sizes=\"(max-width: 2188px) 100vw, 2188px\" \/><\/div><\/div><\/div><\/div>\n<section  class='av_textblock_section av-o2gl-0e1535d33e691af1435f528a8d73e0b8 '   itemscope=\"itemscope\" itemtype=\"https:\/\/schema.org\/CreativeWork\" ><div class='avia_textblock'  itemprop=\"text\" ><p>[vc_row type=&#8221;container&#8221; padding_top=&#8221;&#8221; padding_bottom=&#8221;&#8221;][vc_column][vc_row_inner][vc_column_inner width=&#8221;2\/6&#8243;][vc_column_text]<\/p>\n<p class=\"p1\">Please contact us by using our email below or the attached form for any suggestion, comment and question.<\/p>\n<p class=\"p1\"><span class=\"s1\">T\u00fcrkiye IFA<br \/>\n<\/span><span class=\"s2\"><a href=\"mailto:uvad.ifa.tr@gmail.com\"><span class=\"s3\">uvad.ifa.tr@gmail.com<\/span><\/a><\/span><\/p>\n<p>[\/vc_column_text][\/vc_column_inner][vc_column_inner width=&#8221;4\/6&#8243;]\n<div class=\"wpcf7 no-js\" id=\"wpcf7-f6-o1\" lang=\"tr-TR\" dir=\"ltr\">\n<div class=\"screen-reader-response\"><p role=\"status\" aria-live=\"polite\" aria-atomic=\"true\"><\/p> <ul><\/ul><\/div>\n<form action=\"\/en\/wp-json\/wp\/v2\/pages\/33#wpcf7-f6-o1\" method=\"post\" class=\"wpcf7-form init\" aria-label=\"Contact form\" novalidate=\"novalidate\" data-status=\"init\">\n<div style=\"display: none;\">\n<input type=\"hidden\" name=\"_wpcf7\" value=\"6\" \/>\n<input type=\"hidden\" name=\"_wpcf7_version\" value=\"5.8.7\" \/>\n<input type=\"hidden\" name=\"_wpcf7_locale\" value=\"tr_TR\" \/>\n<input type=\"hidden\" name=\"_wpcf7_unit_tag\" value=\"wpcf7-f6-o1\" \/>\n<input type=\"hidden\" name=\"_wpcf7_container_post\" value=\"0\" \/>\n<input type=\"hidden\" name=\"_wpcf7_posted_data_hash\" value=\"\" \/>\n<\/div>\n<p>Ad\u0131n\u0131z (gerekli)\n<\/p>\n<p><span class=\"wpcf7-form-control-wrap\" data-name=\"your-name\"><input size=\"40\" class=\"wpcf7-form-control wpcf7-text wpcf7-validates-as-required\" aria-required=\"true\" aria-invalid=\"false\" value=\"\" type=\"text\" name=\"your-name\" \/><\/span>\n<\/p>\n<p>Epostan\u0131z (gerekli)\n<\/p>\n<p><span class=\"wpcf7-form-control-wrap\" data-name=\"your-email\"><input size=\"40\" class=\"wpcf7-form-control wpcf7-email wpcf7-validates-as-required wpcf7-text wpcf7-validates-as-email\" aria-required=\"true\" aria-invalid=\"false\" value=\"\" type=\"email\" name=\"your-email\" \/><\/span>\n<\/p>\n<p>Konu\n<\/p>\n<p><span class=\"wpcf7-form-control-wrap\" data-name=\"your-subject\"><input size=\"40\" class=\"wpcf7-form-control wpcf7-text\" aria-invalid=\"false\" value=\"\" type=\"text\" name=\"your-subject\" \/><\/span>\n<\/p>\n<p>\u0130letiniz\n<\/p>\n<p><span class=\"wpcf7-form-control-wrap\" data-name=\"your-message\"><textarea cols=\"40\" rows=\"10\" class=\"wpcf7-form-control wpcf7-textarea\" aria-invalid=\"false\" name=\"your-message\"><\/textarea><\/span>\n<\/p>\n<p><input class=\"wpcf7-form-control wpcf7-submit has-spinner\" type=\"submit\" value=\"G\u00f6nder\" \/>\n<\/p><div class=\"wpcf7-response-output\" aria-hidden=\"true\"><\/div>\n<\/form>\n<\/div>\n[\/vc_column_inner][\/vc_row_inner][\/vc_column][\/vc_row][vc_row type=&#8221;container&#8221; padding_top=&#8221;&#8221; padding_bottom=&#8221;&#8221;][vc_column][vc_gmaps link=&#8221;#E-8_JTNDaWZyYW1lJTIwc3JjJTNEJTIyaHR0cHMlM0ElMkYlMkZ3d3cuZ29vZ2xlLmNvbSUyRm1hcHMlMkZlbWJlZCUzRnBiJTNEJTIxMW0xOCUyMTFtMTIlMjExbTMlMjExZDMwMDYuMTkzNTQwOTU4OTM1JTIxMmQyOS4wMTU5NDUzMTUyMTYzNzglMjEzZDQxLjEwODQ2NDAyMTIwMjklMjEybTMlMjExZjAlMjEyZjAlMjEzZjAlMjEzbTIlMjExaTEwMjQlMjEyaTc2OCUyMTRmMTMuMSUyMTNtMyUyMTFtMiUyMTFzMHgxNGNhYjVjM2UxZDAzMjNiJTI1M0EweDRkOTg3NGU4NWE3Nzk3N2MlMjEyelVHRnlheUJRYkdGNllTQkZjMnRwSUVMRHZIbkR2R3RrWlhKbElFTmtMaUJIYVhKcHhaOXBMQ0JJZFhwMWNpd2dSWE5yYVNCQ3c3eDV3N3hyWkdWeVpTQkRaQzRzSURNME16azJJTVdlYWNXZmJHa3Z4TEJ6ZEdGdVluVnMlMjE1ZTAlMjEzbTIlMjExc3RyJTIxMnN1cyUyMTR2MTQ1MTQ4NjA5NjAwMyUyMiUyMHdpZHRoJTNEJTIyNjAwJTIyJTIwaGVpZ2h0JTNEJTIyNDUwJTIyJTIwZnJhbWVib3JkZXIlM0QlMjIwJTIyJTIwc3R5bGUlM0QlMjJib3JkZXIlM0EwJTIyJTIwYWxsb3dmdWxsc2NyZWVuJTNFJTNDJTJGaWZyYW1lJTNF&#8221; size=&#8221;300&#8243;][\/vc_column][\/vc_row]<\/p>\n<div class=\"ddict_btn\" style=\"top: 92px; left: 599.016px;\"><img decoding=\"async\" src=\"chrome-extension:\/\/bpggmmljdiliancllaapiggllnkbjocb\/logo\/48.png\" \/><\/div>\n<\/div><\/section>\n","protected":false},"excerpt":{"rendered":"[vc_row type=\"container\" padding_top=\"\" padding_bottom=\"\"][vc_column][vc_row_inner][vc_column_inner width=\"2\/6\"][vc_column_text] Please contact us by using our email below or the attached form for any suggestion, comment and question. T\u00fcrkiye IFA uvad.ifa.tr@gmail.com [\/vc_column_text][\/vc_column_inner][vc_column_inner width=\"4\/6\"] Ad\u0131n\u0131z (gerekli) Epostan\u0131z (gerekli) Konu \u0130letiniz [\/vc_column_inner][\/vc_row_inner][\/vc_column][\/vc_row][vc_row type=\"container\" padding_top=\"\" padding_bottom=\"\"][vc_column][vc_gmaps link=\"#E-8_JTNDaWZyYW1lJTIwc3JjJTNEJTIyaHR0cHMlM0ElMkYlMkZ3d3cuZ29vZ2xlLmNvbSUyRm1hcHMlMkZlbWJlZCUzRnBiJTNEJTIxMW0xOCUyMTFtMTIlMjExbTMlMjExZDMwMDYuMTkzNTQwOTU4OTM1JTIxMmQyOS4wMTU5NDUzMTUyMTYzNzglMjEzZDQxLjEwODQ2NDAyMTIwMjklMjEybTMlMjExZjAlMjEyZjAlMjEzZjAlMjEzbTIlMjExaTEwMjQlMjEyaTc2OCUyMTRmMTMuMSUyMTNtMyUyMTFtMiUyMTFzMHgxNGNhYjVjM2UxZDAzMjNiJTI1M0EweDRkOTg3NGU4NWE3Nzk3N2MlMjEyelVHRnlheUJRYkdGNllTQkZjMnRwSUVMRHZIbkR2R3RrWlhKbElFTmtMaUJIYVhKcHhaOXBMQ0JJZFhwMWNpd2dSWE5yYVNCQ3c3eDV3N3hyWkdWeVpTQkRaQzRzSURNME16azJJTVdlYWNXZmJHa3Z4TEJ6ZEdGdVluVnMlMjE1ZTAlMjEzbTIlMjExc3RyJTIxMnN1cyUyMTR2MTQ1MTQ4NjA5NjAwMyUyMiUyMHdpZHRoJTNEJTIyNjAwJTIyJTIwaGVpZ2h0JTNEJTIyNDUwJTIyJTIwZnJhbWVib3JkZXIlM0QlMjIwJTIyJTIwc3R5bGUlM0QlMjJib3JkZXIlM0EwJTIyJTIwYWxsb3dmdWxsc2NyZWVuJTNFJTNDJTJGaWZyYW1lJTNF\" size=\"300\"][\/vc_column][\/vc_row]","protected":false},"author":1,"featured_media":0,"parent":0,"menu_order":0,"comment_status":"closed","ping_status":"closed","template":"","meta":{"_acf_changed":false,"footnotes":""},"acf":[],"_links":{"self":[{"href":"http:\/\/www.ifaturkey.org.tr\/en\/wp-json\/wp\/v2\/pages\/33"}],"collection":[{"href":"http:\/\/www.ifaturkey.org.tr\/en\/wp-json\/wp\/v2\/pages"}],"about":[{"href":"http:\/\/www.ifaturkey.org.tr\/en\/wp-json\/wp\/v2\/types\/page"}],"author":[{"embeddable":true,"href":"http:\/\/www.ifaturkey.org.tr\/en\/wp-json\/wp\/v2\/users\/1"}],"replies":[{"embeddable":true,"href":"http:\/\/www.ifaturkey.org.tr\/en\/wp-json\/wp\/v2\/comments?post=33"}],"version-history":[{"count":6,"href":"http:\/\/www.ifaturkey.org.tr\/en\/wp-json\/wp\/v2\/pages\/33\/revisions"}],"predecessor-version":[{"id":72133,"href":"http:\/\/www.ifaturkey.org.tr\/en\/wp-json\/wp\/v2\/pages\/33\/revisions\/72133"}],"wp:attachment":[{"href":"http:\/\/www.ifaturkey.org.tr\/en\/wp-json\/wp\/v2\/media?parent=33"}],"curies":[{"name":"wp","href":"https:\/\/api.w.org\/{rel}","templated":true}]}}