{"id":14,"date":"2015-12-25T21:40:40","date_gmt":"2015-12-25T19:40:40","guid":{"rendered":"http:\/\/wwwifaturkeyorgtr.c.sadecehosting.com\/?page_id=14"},"modified":"2024-02-19T12:30:17","modified_gmt":"2024-02-19T09:30:17","slug":"ifa-workshops","status":"publish","type":"page","link":"http:\/\/www.ifaturkey.org.tr\/en\/ifa-workshops\/","title":{"rendered":"IFA Workshops"},"content":{"rendered":"<div  class='av-hotspot-image-container av-lozhll1l-82e154b19a51f427fac5958a545ce4cb  avia-builder-el-0  el_before_av_codeblock  avia-builder-el-first  av-hotspot-blank av-mobile-fallback-active  av-non-fullwidth-hotspot-image'  itemprop=\"image\" itemscope=\"itemscope\" itemtype=\"https:\/\/schema.org\/ImageObject\" ><div class='av-hotspot-container'><div class='av-hotspot-container-inner-cell'><div class='av-hotspot-container-inner-wrap'><img decoding=\"async\" class='wp-image-71944 avia-img-lazy-loading-not-71944 avia_image' src=\"http:\/\/www.ifaturkey.org.tr\/en\/wp-content\/uploads\/2023\/11\/congress.jpg\" alt='' title='congress'  height=\"500\" width=\"2000\"  itemprop=\"thumbnailUrl\" srcset=\"http:\/\/www.ifaturkey.org.tr\/en\/wp-content\/uploads\/2023\/11\/congress.jpg 2000w, http:\/\/www.ifaturkey.org.tr\/en\/wp-content\/uploads\/2023\/11\/congress-300x75.jpg 300w, http:\/\/www.ifaturkey.org.tr\/en\/wp-content\/uploads\/2023\/11\/congress-1030x258.jpg 1030w, http:\/\/www.ifaturkey.org.tr\/en\/wp-content\/uploads\/2023\/11\/congress-768x192.jpg 768w, http:\/\/www.ifaturkey.org.tr\/en\/wp-content\/uploads\/2023\/11\/congress-1536x384.jpg 1536w, http:\/\/www.ifaturkey.org.tr\/en\/wp-content\/uploads\/2023\/11\/congress-1500x375.jpg 1500w, http:\/\/www.ifaturkey.org.tr\/en\/wp-content\/uploads\/2023\/11\/congress-705x176.jpg 705w\" sizes=\"(max-width: 2000px) 100vw, 2000px\" \/><\/div><\/div><\/div><\/div>\n\n<div  class='av-hotspot-image-container av-u5ta-9f858622ae4248af969f25b134283b3a  avia-builder-el-2  el_after_av_codeblock  el_before_av_masonry_entries  cizgi av-hotspot-blank av-mobile-fallback-active  av-non-fullwidth-hotspot-image'  itemprop=\"image\" itemscope=\"itemscope\" itemtype=\"https:\/\/schema.org\/ImageObject\" ><div class='av-hotspot-container'><div class='av-hotspot-container-inner-cell'><div class='av-hotspot-container-inner-wrap'><img decoding=\"async\" class='wp-image-71913 avia-img-lazy-loading-not-71913 avia_image' src=\"http:\/\/www.ifaturkey.org.tr\/en\/wp-content\/uploads\/2023\/11\/line-3.png\" alt='' title='line'  height=\"1\" width=\"2188\"  itemprop=\"thumbnailUrl\" srcset=\"http:\/\/www.ifaturkey.org.tr\/en\/wp-content\/uploads\/2023\/11\/line-3.png 2188w, http:\/\/www.ifaturkey.org.tr\/en\/wp-content\/uploads\/2023\/11\/line-3-300x1.png 300w, http:\/\/www.ifaturkey.org.tr\/en\/wp-content\/uploads\/2023\/11\/line-3-1030x1.png 1030w, http:\/\/www.ifaturkey.org.tr\/en\/wp-content\/uploads\/2023\/11\/line-3-80x1.png 80w, http:\/\/www.ifaturkey.org.tr\/en\/wp-content\/uploads\/2023\/11\/line-3-768x1.png 768w, http:\/\/www.ifaturkey.org.tr\/en\/wp-content\/uploads\/2023\/11\/line-3-1536x1.png 1536w, http:\/\/www.ifaturkey.org.tr\/en\/wp-content\/uploads\/2023\/11\/line-3-2048x1.png 2048w, http:\/\/www.ifaturkey.org.tr\/en\/wp-content\/uploads\/2023\/11\/line-3-36x1.png 36w, http:\/\/www.ifaturkey.org.tr\/en\/wp-content\/uploads\/2023\/11\/line-3-180x1.png 180w, http:\/\/www.ifaturkey.org.tr\/en\/wp-content\/uploads\/2023\/11\/line-3-1500x1.png 1500w, http:\/\/www.ifaturkey.org.tr\/en\/wp-content\/uploads\/2023\/11\/line-3-495x1.png 495w, http:\/\/www.ifaturkey.org.tr\/en\/wp-content\/uploads\/2023\/11\/line-3-260x1.png 260w, http:\/\/www.ifaturkey.org.tr\/en\/wp-content\/uploads\/2023\/11\/line-3-845x1.png 845w, http:\/\/www.ifaturkey.org.tr\/en\/wp-content\/uploads\/2023\/11\/line-3-710x1.png 710w, http:\/\/www.ifaturkey.org.tr\/en\/wp-content\/uploads\/2023\/11\/line-3-705x1.png 705w, http:\/\/www.ifaturkey.org.tr\/en\/wp-content\/uploads\/2023\/11\/line-3-1210x1.png 1210w\" sizes=\"(max-width: 2188px) 100vw, 2188px\" \/><\/div><\/div><\/div><\/div>\n\n<style type=\"text\/css\" data-created_by=\"avia_inline_auto\" id=\"style-css-av-lozh45t5-660dec18694472847c45a4e67d6898eb\">\n#top .av-masonry.av-lozh45t5-660dec18694472847c45a4e67d6898eb{\nbackground-color:#ffffff;\n}\n<\/style>\n<div id='av-masonry-1' class='av-masonry av-lozh45t5-660dec18694472847c45a4e67d6898eb noHover av-fixed-size av-large-gap av-hover-overlay-active av-masonry-animation-active av-masonry-col-flexible av-caption-always av-caption-style- av-masonry-entries ' data-post_id=\"14\"><div class=\"av-masonry-container isotope av-js-disabled\"><div class='av-masonry-entry isotope-item av-masonry-item-no-image '><\/div><a href=\"http:\/\/www.ifaturkey.org.tr\/en\/15th-ifa-workshop-17-november-2023\/\"  id='av-masonry-1-item-72061' data-av-masonry-item='72061' class='av-masonry-entry isotope-item post-72061 post type-post status-publish format-standard has-post-thumbnail hentry category-ifa-calistaylari  av-masonry-item-with-image av-grid-img' title=\"15_ifacalistayi\"   itemscope=\"itemscope\" itemtype=\"https:\/\/schema.org\/CreativeWork\" ><div class='av-inner-masonry-sizer'><\/div><figure class='av-inner-masonry main_color'><div class=\"av-masonry-outerimage-container\"><div class='av-masonry-image-container' style=\"background-image: url(http:\/\/www.ifaturkey.org.tr\/en\/wp-content\/uploads\/2023\/12\/15_ifacalistayi-497x705.jpg);\"  title=\"15_ifacalistayi\"  ><\/div><\/div><figcaption class='av-inner-masonry-content site-background'><div class='av-inner-masonry-content-pos'><div class='av-inner-masonry-content-pos-content'><div class='avia-arrow'><\/div><h3 class='av-masonry-entry-title entry-title '  itemprop=\"headline\" >15th IFA Workshop &#8211; 17 November 2023<\/h3><span class='av-masonry-date meta-color updated'>17\/11\/2023<\/span><span class=\"av-masonry-text-sep text-sep-author\">\/<\/span><span class='av-masonry-author meta-color author'><span class='fn'>taraf\u0131ndan Admin<\/span><\/span><\/div><\/div><\/figcaption><\/figure><\/a><!--end av-masonry entry--><a href=\"http:\/\/www.ifaturkey.org.tr\/en\/14th-ifa-workshop-4-movember-2022\/\"  id='av-masonry-1-item-71617' data-av-masonry-item='71617' class='av-masonry-entry isotope-item post-71617 post type-post status-publish format-standard has-post-thumbnail hentry category-ifa-calistaylari  av-masonry-item-with-image av-grid-img' title=\"14_ifacalistayi\"   itemscope=\"itemscope\" itemtype=\"https:\/\/schema.org\/CreativeWork\" ><div class='av-inner-masonry-sizer'><\/div><figure class='av-inner-masonry main_color'><div class=\"av-masonry-outerimage-container\"><div class='av-masonry-image-container' style=\"background-image: url(http:\/\/www.ifaturkey.org.tr\/en\/wp-content\/uploads\/2023\/03\/14_ifacalistayi.jpg);\"  title=\"14_ifacalistayi\"  ><\/div><\/div><figcaption class='av-inner-masonry-content site-background'><div class='av-inner-masonry-content-pos'><div class='av-inner-masonry-content-pos-content'><div class='avia-arrow'><\/div><h3 class='av-masonry-entry-title entry-title '  itemprop=\"headline\" >14th IFA Workshop &#8211; 4 Movember 2022<\/h3><span class='av-masonry-date meta-color updated'>28\/03\/2023<\/span><span class=\"av-masonry-text-sep text-sep-author\">\/<\/span><span class='av-masonry-author meta-color author'><span class='fn'>taraf\u0131ndan Admin<\/span><\/span><\/div><\/div><\/figcaption><\/figure><\/a><!--end av-masonry entry--><a href=\"http:\/\/www.ifaturkey.org.tr\/en\/13th-ifa-workshop-17-december-2020\/\"  id='av-masonry-1-item-71584' data-av-masonry-item='71584' class='av-masonry-entry isotope-item post-71584 post type-post status-publish format-standard has-post-thumbnail hentry category-ifa-calistaylari  av-masonry-item-with-image av-grid-img' title=\"13_ifacalistayi\"   itemscope=\"itemscope\" itemtype=\"https:\/\/schema.org\/CreativeWork\" ><div class='av-inner-masonry-sizer'><\/div><figure class='av-inner-masonry main_color'><div class=\"av-masonry-outerimage-container\"><div class='av-masonry-image-container' style=\"background-image: url(http:\/\/www.ifaturkey.org.tr\/en\/wp-content\/uploads\/2021\/02\/13_ifacalistayi.jpg);\"  title=\"13_ifacalistayi\"  ><\/div><\/div><figcaption class='av-inner-masonry-content site-background'><div class='av-inner-masonry-content-pos'><div class='av-inner-masonry-content-pos-content'><div class='avia-arrow'><\/div><h3 class='av-masonry-entry-title entry-title '  itemprop=\"headline\" >13th IFA Workshop &#8211; 17 December 2020<\/h3><span class='av-masonry-date meta-color updated'>17\/12\/2020<\/span><span class=\"av-masonry-text-sep text-sep-author\">\/<\/span><span class='av-masonry-author meta-color author'><span class='fn'>taraf\u0131ndan Admin<\/span><\/span><\/div><\/div><\/figcaption><\/figure><\/a><!--end av-masonry entry--><a href=\"http:\/\/www.ifaturkey.org.tr\/en\/12th-ifa-workshop-9-november-2020\/\"  id='av-masonry-1-item-71582' data-av-masonry-item='71582' class='av-masonry-entry isotope-item post-71582 post type-post status-publish format-standard has-post-thumbnail hentry category-ifa-calistaylari  av-masonry-item-with-image av-grid-img' title=\"12_ifacalistayi\"   itemscope=\"itemscope\" itemtype=\"https:\/\/schema.org\/CreativeWork\" ><div class='av-inner-masonry-sizer'><\/div><figure class='av-inner-masonry main_color'><div class=\"av-masonry-outerimage-container\"><div class='av-masonry-image-container' style=\"background-image: url(http:\/\/www.ifaturkey.org.tr\/en\/wp-content\/uploads\/2021\/02\/12_ifacalistayi.jpg);\"  title=\"12_ifacalistayi\"  ><\/div><\/div><figcaption class='av-inner-masonry-content site-background'><div class='av-inner-masonry-content-pos'><div class='av-inner-masonry-content-pos-content'><div class='avia-arrow'><\/div><h3 class='av-masonry-entry-title entry-title '  itemprop=\"headline\" >12th IFA Workshop- 9 November 2020<\/h3><span class='av-masonry-date meta-color updated'>09\/11\/2020<\/span><span class=\"av-masonry-text-sep text-sep-author\">\/<\/span><span class='av-masonry-author meta-color author'><span class='fn'>taraf\u0131ndan Admin<\/span><\/span><\/div><\/div><\/figcaption><\/figure><\/a><!--end av-masonry entry--><a href=\"http:\/\/www.ifaturkey.org.tr\/en\/11th-ifa-workshop-27-september-2019\/\"  id='av-masonry-1-item-71577' data-av-masonry-item='71577' class='av-masonry-entry isotope-item post-71577 post type-post status-publish format-standard has-post-thumbnail hentry category-ifa-calistaylari  av-masonry-item-with-image av-grid-img' title=\"11_ifacalistayi\"   itemscope=\"itemscope\" itemtype=\"https:\/\/schema.org\/CreativeWork\" ><div class='av-inner-masonry-sizer'><\/div><figure class='av-inner-masonry main_color'><div class=\"av-masonry-outerimage-container\"><div class='av-masonry-image-container' style=\"background-image: url(http:\/\/www.ifaturkey.org.tr\/en\/wp-content\/uploads\/2021\/02\/11_ifacalistayi.jpg);\"  title=\"11_ifacalistayi\"  ><\/div><\/div><figcaption class='av-inner-masonry-content site-background'><div class='av-inner-masonry-content-pos'><div class='av-inner-masonry-content-pos-content'><div class='avia-arrow'><\/div><h3 class='av-masonry-entry-title entry-title '  itemprop=\"headline\" >11th IFA Workshop- 27 September 2019<\/h3><span class='av-masonry-date meta-color updated'>27\/09\/2019<\/span><span class=\"av-masonry-text-sep text-sep-author\">\/<\/span><span class='av-masonry-author meta-color author'><span class='fn'>taraf\u0131ndan Admin<\/span><\/span><\/div><\/div><\/figcaption><\/figure><\/a><!--end av-masonry entry--><a href=\"http:\/\/www.ifaturkey.org.tr\/en\/10th-ifa-workshop-21-september-2019\/\"  id='av-masonry-1-item-71552' data-av-masonry-item='71552' class='av-masonry-entry isotope-item post-71552 post type-post status-publish format-standard has-post-thumbnail hentry category-ifa-calistaylari  av-masonry-item-with-image av-grid-img' title=\"ifa10\"   itemscope=\"itemscope\" itemtype=\"https:\/\/schema.org\/CreativeWork\" ><div class='av-inner-masonry-sizer'><\/div><figure class='av-inner-masonry main_color'><div class=\"av-masonry-outerimage-container\"><div class='av-masonry-image-container' style=\"background-image: url(http:\/\/www.ifaturkey.org.tr\/en\/wp-content\/uploads\/2019\/12\/ifa10.jpg);\"  title=\"ifa10\"  ><\/div><\/div><figcaption class='av-inner-masonry-content site-background'><div class='av-inner-masonry-content-pos'><div class='av-inner-masonry-content-pos-content'><div class='avia-arrow'><\/div><h3 class='av-masonry-entry-title entry-title '  itemprop=\"headline\" >10th IFA Workshop \u2013 21 September 2019<\/h3><span class='av-masonry-date meta-color updated'>21\/09\/2019<\/span><span class=\"av-masonry-text-sep text-sep-author\">\/<\/span><span class='av-masonry-author meta-color author'><span class='fn'>taraf\u0131ndan Admin<\/span><\/span><\/div><\/div><\/figcaption><\/figure><\/a><!--end av-masonry entry--><a href=\"http:\/\/www.ifaturkey.org.tr\/en\/9th-ifa-workshop-9-june-2017\/\"  id='av-masonry-1-item-71437' data-av-masonry-item='71437' class='av-masonry-entry isotope-item post-71437 post type-post status-publish format-standard has-post-thumbnail hentry category-ifa-calistaylari  av-masonry-item-with-image av-grid-img' title=\"Ku_Hukuk_Calistay8Poster\"   itemscope=\"itemscope\" itemtype=\"https:\/\/schema.org\/CreativeWork\" ><div class='av-inner-masonry-sizer'><\/div><figure class='av-inner-masonry main_color'><div class=\"av-masonry-outerimage-container\"><div class='av-masonry-image-container' style=\"background-image: url(http:\/\/www.ifaturkey.org.tr\/en\/wp-content\/uploads\/2018\/04\/Ku_Hukuk_Calistay9Poster.jpg);\"  title=\"Ku_Hukuk_Calistay8Poster\"  ><\/div><\/div><figcaption class='av-inner-masonry-content site-background'><div class='av-inner-masonry-content-pos'><div class='av-inner-masonry-content-pos-content'><div class='avia-arrow'><\/div><h3 class='av-masonry-entry-title entry-title '  itemprop=\"headline\" >9th IFA Workshop \u2013 9 June 2017<\/h3><span class='av-masonry-date meta-color updated'>09\/06\/2017<\/span><span class=\"av-masonry-text-sep text-sep-author\">\/<\/span><span class='av-masonry-author meta-color author'><span class='fn'>taraf\u0131ndan Admin<\/span><\/span><\/div><\/div><\/figcaption><\/figure><\/a><!--end av-masonry entry--><a href=\"http:\/\/www.ifaturkey.org.tr\/en\/8th-ifa-workshop-2-december-2016\/\"  id='av-masonry-1-item-71220' data-av-masonry-item='71220' class='av-masonry-entry isotope-item post-71220 post type-post status-publish format-standard has-post-thumbnail hentry category-ifa-calistaylari  av-masonry-item-with-image av-grid-img' title=\"8_IFA_calistayi\"   itemscope=\"itemscope\" itemtype=\"https:\/\/schema.org\/CreativeWork\" ><div class='av-inner-masonry-sizer'><\/div><figure class='av-inner-masonry main_color'><div class=\"av-masonry-outerimage-container\"><div class='av-masonry-image-container' style=\"background-image: url(http:\/\/www.ifaturkey.org.tr\/en\/wp-content\/uploads\/2017\/01\/8_IFA_calistayi.jpg);\"  title=\"8_IFA_calistayi\"  ><\/div><\/div><figcaption class='av-inner-masonry-content site-background'><div class='av-inner-masonry-content-pos'><div class='av-inner-masonry-content-pos-content'><div class='avia-arrow'><\/div><h3 class='av-masonry-entry-title entry-title '  itemprop=\"headline\" >8th IFA Workshop \u2013 2 December 2016<\/h3><span class='av-masonry-date meta-color updated'>02\/12\/2016<\/span><span class=\"av-masonry-text-sep text-sep-author\">\/<\/span><span class='av-masonry-author meta-color author'><span class='fn'>taraf\u0131ndan Admin<\/span><\/span><\/div><\/div><\/figcaption><\/figure><\/a><!--end av-masonry entry--><a href=\"http:\/\/www.ifaturkey.org.tr\/en\/7th-ifa-workshop-4-november-2016\/\"  id='av-masonry-1-item-71210' data-av-masonry-item='71210' class='av-masonry-entry isotope-item post-71210 post type-post status-publish format-standard has-post-thumbnail hentry category-ifa-calistaylari  av-masonry-item-with-image av-grid-img' title=\"7_ifa_calistayi\"   itemscope=\"itemscope\" itemtype=\"https:\/\/schema.org\/CreativeWork\" ><div class='av-inner-masonry-sizer'><\/div><figure class='av-inner-masonry main_color'><div class=\"av-masonry-outerimage-container\"><div class='av-masonry-image-container' style=\"background-image: url(http:\/\/www.ifaturkey.org.tr\/en\/wp-content\/uploads\/2016\/12\/7_ifa_calistayi.jpg);\"  title=\"7_ifa_calistayi\"  ><\/div><\/div><figcaption class='av-inner-masonry-content site-background'><div class='av-inner-masonry-content-pos'><div class='av-inner-masonry-content-pos-content'><div class='avia-arrow'><\/div><h3 class='av-masonry-entry-title entry-title '  itemprop=\"headline\" >7th IFA Workshop \u2013 4 November 2016<\/h3><span class='av-masonry-date meta-color updated'>04\/11\/2016<\/span><span class=\"av-masonry-text-sep text-sep-author\">\/<\/span><span class='av-masonry-author meta-color author'><span class='fn'>taraf\u0131ndan Admin<\/span><\/span><\/div><\/div><\/figcaption><\/figure><\/a><!--end av-masonry entry--><a href=\"http:\/\/www.ifaturkey.org.tr\/en\/2-ifa-calistayi-17-ekim-2014\/\"  id='av-masonry-1-item-70783' data-av-masonry-item='70783' class='av-masonry-entry isotope-item post-70783 post type-post status-publish format-standard has-post-thumbnail hentry category-ifa-calistaylari  av-masonry-item-with-image av-grid-img' title=\"2_ifacalistayi\"   itemscope=\"itemscope\" itemtype=\"https:\/\/schema.org\/CreativeWork\" ><div class='av-inner-masonry-sizer'><\/div><figure class='av-inner-masonry main_color'><div class=\"av-masonry-outerimage-container\"><div class='av-masonry-image-container' style=\"background-image: url(http:\/\/www.ifaturkey.org.tr\/en\/wp-content\/uploads\/2015\/12\/2_ifacalistayi.jpg);\"  title=\"2_ifacalistayi\"  ><\/div><\/div><figcaption class='av-inner-masonry-content site-background'><div class='av-inner-masonry-content-pos'><div class='av-inner-masonry-content-pos-content'><div class='avia-arrow'><\/div><h3 class='av-masonry-entry-title entry-title '  itemprop=\"headline\" >2. IFA \u00c7al\u0131\u015ftay\u0131 &#8211; 17 Ekim 2014<\/h3><span class='av-masonry-date meta-color updated'>25\/12\/2015<\/span><span class=\"av-masonry-text-sep text-sep-author\">\/<\/span><span class='av-masonry-author meta-color author'><span class='fn'>taraf\u0131ndan Admin<\/span><\/span><\/div><\/div><\/figcaption><\/figure><\/a><!--end av-masonry entry--><a href=\"http:\/\/www.ifaturkey.org.tr\/en\/6th-ifa-workshop-11-june-2015\/\"  id='av-masonry-1-item-70947' data-av-masonry-item='70947' class='av-masonry-entry isotope-item post-70947 post type-post status-publish format-standard has-post-thumbnail hentry category-ifa-calistaylari  av-masonry-item-with-image av-grid-img' title=\"6_ifacalistayi\"   itemscope=\"itemscope\" itemtype=\"https:\/\/schema.org\/CreativeWork\" ><div class='av-inner-masonry-sizer'><\/div><figure class='av-inner-masonry main_color'><div class=\"av-masonry-outerimage-container\"><div class='av-masonry-image-container' style=\"background-image: url(http:\/\/www.ifaturkey.org.tr\/en\/wp-content\/uploads\/2015\/12\/6_ifacalistayi.jpg);\"  title=\"6_ifacalistayi\"  ><\/div><\/div><figcaption class='av-inner-masonry-content site-background'><div class='av-inner-masonry-content-pos'><div class='av-inner-masonry-content-pos-content'><div class='avia-arrow'><\/div><h3 class='av-masonry-entry-title entry-title '  itemprop=\"headline\" >6th IFA Workshop \u2013 11 June 2015<\/h3><span class='av-masonry-date meta-color updated'>11\/06\/2015<\/span><span class=\"av-masonry-text-sep text-sep-author\">\/<\/span><span class='av-masonry-author meta-color author'><span class='fn'>taraf\u0131ndan Admin<\/span><\/span><\/div><\/div><\/figcaption><\/figure><\/a><!--end av-masonry entry--><a href=\"http:\/\/www.ifaturkey.org.tr\/en\/5th-ifa-workshop-19-march-2015\/\"  id='av-masonry-1-item-70948' data-av-masonry-item='70948' class='av-masonry-entry isotope-item post-70948 post type-post status-publish format-standard has-post-thumbnail hentry category-ifa-calistaylari  av-masonry-item-with-image av-grid-img' title=\"Ekran Resmi 2016-01-08 19.06.16\"   itemscope=\"itemscope\" itemtype=\"https:\/\/schema.org\/CreativeWork\" ><div class='av-inner-masonry-sizer'><\/div><figure class='av-inner-masonry main_color'><div class=\"av-masonry-outerimage-container\"><div class='av-masonry-image-container' style=\"background-image: url(http:\/\/www.ifaturkey.org.tr\/en\/wp-content\/uploads\/2015\/12\/Ekran-Resmi-2016-01-08-19.06.16-1.png);\"  title=\"Ekran Resmi 2016-01-08 19.06.16\"  ><\/div><\/div><figcaption class='av-inner-masonry-content site-background'><div class='av-inner-masonry-content-pos'><div class='av-inner-masonry-content-pos-content'><div class='avia-arrow'><\/div><h3 class='av-masonry-entry-title entry-title '  itemprop=\"headline\" >5th IFA Workshop \u2013 19 March 2015<\/h3><span class='av-masonry-date meta-color updated'>19\/03\/2015<\/span><span class=\"av-masonry-text-sep text-sep-author\">\/<\/span><span class='av-masonry-author meta-color author'><span class='fn'>taraf\u0131ndan Admin<\/span><\/span><\/div><\/div><\/figcaption><\/figure><\/a><!--end av-masonry entry--><a href=\"http:\/\/www.ifaturkey.org.tr\/en\/4th-ifa-workshop-24-december-2014\/\"  id='av-masonry-1-item-70949' data-av-masonry-item='70949' class='av-masonry-entry isotope-item post-70949 post type-post status-publish format-standard has-post-thumbnail hentry category-ifa-calistaylari  av-masonry-item-with-image av-grid-img' title=\"4_ifacalistayi\"   itemscope=\"itemscope\" itemtype=\"https:\/\/schema.org\/CreativeWork\" ><div class='av-inner-masonry-sizer'><\/div><figure class='av-inner-masonry main_color'><div class=\"av-masonry-outerimage-container\"><div class='av-masonry-image-container' style=\"background-image: url(http:\/\/www.ifaturkey.org.tr\/en\/wp-content\/uploads\/2015\/12\/4_ifacalistayi.jpg);\"  title=\"4_ifacalistayi\"  ><\/div><\/div><figcaption class='av-inner-masonry-content site-background'><div class='av-inner-masonry-content-pos'><div class='av-inner-masonry-content-pos-content'><div class='avia-arrow'><\/div><h3 class='av-masonry-entry-title entry-title '  itemprop=\"headline\" >4th IFA Workshop \u2013 24 December 2014<\/h3><span class='av-masonry-date meta-color updated'>24\/12\/2014<\/span><span class=\"av-masonry-text-sep text-sep-author\">\/<\/span><span class='av-masonry-author meta-color author'><span class='fn'>taraf\u0131ndan Admin<\/span><\/span><\/div><\/div><\/figcaption><\/figure><\/a><!--end av-masonry entry--><a href=\"http:\/\/www.ifaturkey.org.tr\/en\/3rd-ifa-workshop-24-november-2014\/\"  id='av-masonry-1-item-70950' data-av-masonry-item='70950' class='av-masonry-entry isotope-item post-70950 post type-post status-publish format-standard has-post-thumbnail hentry category-ifa-calistaylari  av-masonry-item-with-image av-grid-img' title=\"3_ifacalistayi\"   itemscope=\"itemscope\" itemtype=\"https:\/\/schema.org\/CreativeWork\" ><div class='av-inner-masonry-sizer'><\/div><figure class='av-inner-masonry main_color'><div class=\"av-masonry-outerimage-container\"><div class='av-masonry-image-container' style=\"background-image: url(http:\/\/www.ifaturkey.org.tr\/en\/wp-content\/uploads\/2015\/12\/3_ifacalistayi.jpg);\"  title=\"3_ifacalistayi\"  ><\/div><\/div><figcaption class='av-inner-masonry-content site-background'><div class='av-inner-masonry-content-pos'><div class='av-inner-masonry-content-pos-content'><div class='avia-arrow'><\/div><h3 class='av-masonry-entry-title entry-title '  itemprop=\"headline\" >3rd IFA Workshop \u2013 24 November 2014<\/h3><span class='av-masonry-date meta-color updated'>24\/11\/2014<\/span><span class=\"av-masonry-text-sep text-sep-author\">\/<\/span><span class='av-masonry-author meta-color author'><span class='fn'>taraf\u0131ndan Admin<\/span><\/span><\/div><\/div><\/figcaption><\/figure><\/a><!--end av-masonry entry--><a href=\"http:\/\/www.ifaturkey.org.tr\/en\/1st-ifa-workshop-30-january-2014\/\"  id='av-masonry-1-item-70945' data-av-masonry-item='70945' class='av-masonry-entry isotope-item post-70945 post type-post status-publish format-standard has-post-thumbnail hentry category-ifa-calistaylari  av-masonry-item-with-image av-grid-img' title=\"1_ifacalistayi\"   itemscope=\"itemscope\" itemtype=\"https:\/\/schema.org\/CreativeWork\" ><div class='av-inner-masonry-sizer'><\/div><figure class='av-inner-masonry main_color'><div class=\"av-masonry-outerimage-container\"><div class='av-masonry-image-container' style=\"background-image: url(http:\/\/www.ifaturkey.org.tr\/en\/wp-content\/uploads\/2015\/12\/1_ifacalistayi.jpg);\"  title=\"1_ifacalistayi\"  ><\/div><\/div><figcaption class='av-inner-masonry-content site-background'><div class='av-inner-masonry-content-pos'><div class='av-inner-masonry-content-pos-content'><div class='avia-arrow'><\/div><h3 class='av-masonry-entry-title entry-title '  itemprop=\"headline\" >1st IFA Workshop \u2013 30 January 2014<\/h3><span class='av-masonry-date meta-color updated'>30\/01\/2014<\/span><span class=\"av-masonry-text-sep text-sep-author\">\/<\/span><span class='av-masonry-author meta-color author'><span class='fn'>taraf\u0131ndan Admin<\/span><\/span><\/div><\/div><\/figcaption><\/figure><\/a><!--end av-masonry entry--><\/div><\/div>\n","protected":false},"excerpt":{"rendered":"15th IFA Workshop &#8211; 17 November 202317\/11\/2023\/taraf\u0131ndan Admin14th IFA Workshop &#8211; 4 Movember 202228\/03\/2023\/taraf\u0131ndan Admin13th IFA Workshop &#8211; 17 December 202017\/12\/2020\/taraf\u0131ndan Admin12th IFA Workshop- 9 November 202009\/11\/2020\/taraf\u0131ndan Admin11th IFA Workshop- 27 September 201927\/09\/2019\/taraf\u0131ndan Admin10th IFA Workshop \u2013 21 September 201921\/09\/2019\/taraf\u0131ndan Admin9th IFA Workshop \u2013 9 June 201709\/06\/2017\/taraf\u0131ndan Admin8th IFA Workshop \u2013 2 December 201602\/12\/2016\/taraf\u0131ndan Admin7th [...]","protected":false},"author":1,"featured_media":0,"parent":0,"menu_order":0,"comment_status":"closed","ping_status":"closed","template":"","meta":{"_acf_changed":false,"footnotes":""},"acf":[],"_links":{"self":[{"href":"http:\/\/www.ifaturkey.org.tr\/en\/wp-json\/wp\/v2\/pages\/14"}],"collection":[{"href":"http:\/\/www.ifaturkey.org.tr\/en\/wp-json\/wp\/v2\/pages"}],"about":[{"href":"http:\/\/www.ifaturkey.org.tr\/en\/wp-json\/wp\/v2\/types\/page"}],"author":[{"embeddable":true,"href":"http:\/\/www.ifaturkey.org.tr\/en\/wp-json\/wp\/v2\/users\/1"}],"replies":[{"embeddable":true,"href":"http:\/\/www.ifaturkey.org.tr\/en\/wp-json\/wp\/v2\/comments?post=14"}],"version-history":[{"count":10,"href":"http:\/\/www.ifaturkey.org.tr\/en\/wp-json\/wp\/v2\/pages\/14\/revisions"}],"predecessor-version":[{"id":72131,"href":"http:\/\/www.ifaturkey.org.tr\/en\/wp-json\/wp\/v2\/pages\/14\/revisions\/72131"}],"wp:attachment":[{"href":"http:\/\/www.ifaturkey.org.tr\/en\/wp-json\/wp\/v2\/media?parent=14"}],"curies":[{"name":"wp","href":"https:\/\/api.w.org\/{rel}","templated":true}]}}